{"id":2274,"date":"2020-03-03T11:10:21","date_gmt":"2020-03-03T10:10:21","guid":{"rendered":"https:\/\/www.seimmserramenti.it\/produits-serramenti-seimm\/complementi\/"},"modified":"2023-09-07T17:18:43","modified_gmt":"2023-09-07T15:18:43","slug":"complements","status":"publish","type":"page","link":"https:\/\/www.seimmserramenti.it\/fr\/produits-serramenti-seimm\/complements\/","title":{"rendered":"Compl\u00e9ments"},"content":{"rendered":"<div class=\"wpb-content-wrapper\"><p>[vc_row type=\u00a0\u00bbvc_default\u00a0\u00bb css=\u00a0\u00bb.vc_custom_1474268037787{margin-bottom: -30px !important;padding-bottom: 30px !important;}\u00a0\u00bb][vc_column offset=\u00a0\u00bbvc_col-lg-12 vc_col-md-12 vc_col-xs-12&Prime;]<style type=\"text\/css\" data-type=\"the7_shortcodes-inline-css\">.shortcode-single-image-wrap.shortcode-single-image-5e4b689597f827190da3b3f0e90c37d7.enable-bg-rollover .rollover i,\n.shortcode-single-image-wrap.shortcode-single-image-5e4b689597f827190da3b3f0e90c37d7.enable-bg-rollover .rollover-video i {\n  background: -webkit-linear-gradient();\n  background: linear-gradient();\n}\n.shortcode-single-image-wrap.shortcode-single-image-5e4b689597f827190da3b3f0e90c37d7 .rollover-icon {\n  font-size: 32px;\n  color: #ffffff;\n  min-width: 44px;\n  min-height: 44px;\n  line-height: 44px;\n  border-radius: 100px;\n  border-style: solid;\n  border-width: 0px;\n}\n.dt-icon-bg-on.shortcode-single-image-wrap.shortcode-single-image-5e4b689597f827190da3b3f0e90c37d7 .rollover-icon {\n  background: rgba(255,255,255,0.3);\n  box-shadow: none;\n}<\/style><div class=\"shortcode-single-image-wrap shortcode-single-image-5e4b689597f827190da3b3f0e90c37d7 alignnone  vc_custom_1583252452643 enable-bg-rollover dt-icon-bg-off\" ><div class=\"shortcode-single-image\"><div class=\"fancy-media-wrap  layzr-bg\" style=\"\"><img fetchpriority=\"high\" decoding=\"async\" class=\"preload-me lazy-load aspect\" src=\"data:image\/svg+xml,%3Csvg%20xmlns%3D&#39;http%3A%2F%2Fwww.w3.org%2F2000%2Fsvg&#39;%20viewBox%3D&#39;0%200%20600%20300&#39;%2F%3E\" data-src=\"https:\/\/www.seimmserramenti.it\/wp-content\/uploads\/2020\/02\/complementi-seimm-serramenti-600x300.jpg\" data-srcset=\"https:\/\/www.seimmserramenti.it\/wp-content\/uploads\/2020\/02\/complementi-seimm-serramenti-600x300.jpg 600w\" loading=\"eager\" sizes=\"(max-width: 600px) 100vw, 600px\" width=\"600\" height=\"300\"  data-dt-location=\"https:\/\/www.seimmserramenti.it\/fr\/complementi-seimm-serramenti\/\" style=\"--ratio: 600 \/ 300;\" alt=\"Complementi di arredo Falegnameria Seimm\" \/><\/div><\/div><\/div><div id=\"ultimate-heading-456269e00447926d1\" class=\"uvc-heading ult-adjust-bottom-margin ultimate-heading-456269e00447926d1 uvc-6130 accent-border-color\" data-hspacer=\"line_only\"  data-halign=\"left\" style=\"text-align:left\"><div class=\"uvc-main-heading ult-responsive\"  data-ultimate-target='.uvc-heading.ultimate-heading-456269e00447926d1 h2'  data-responsive-json-new='{\"font-size\":\"desktop:26px;\",\"line-height\":\"desktop:36px;\"}' ><h2 style=\"font-weight:bold;\">Meubles d'ameublement et design, portes sectionnelles, tauds de soleil, volets roulants, moustiquaires<\/h2><\/div><div class=\"uvc-heading-spacer line_only\" style=\"margin-top:15px;margin-bottom:30px;height:4px;\"><span class=\"uvc-headings-line\" style=\"border-style:solid;border-bottom-width:4px;border-color:;width:50px;\"><\/span><\/div><\/div>[vc_column_text css=\u00a0\u00bb.vc_custom_1694098902105{padding-bottom: 60px !important;}\u00a0\u00bb]Portes sectionnelles manuelles ou motoris\u00e9es \u00e0 lattes de 40mm, volets ou persiennes en bois et aluminium, volets roulants en PVC, aluminium et acier, stores pare-soleil motoris\u00e9es, moustiquaires ext\u00e9rieures ou encastr\u00e9es, grilles de s\u00e9curit\u00e9, mobilier sur-mesure et ameublement.[\/vc_column_text]<div id=\"ultimate-heading-689269e004479274a\" class=\"uvc-heading ult-adjust-bottom-margin ultimate-heading-689269e004479274a uvc-2547 accent-border-color\" data-hspacer=\"line_only\"  data-halign=\"left\" style=\"text-align:left\"><div class=\"uvc-main-heading ult-responsive\"  data-ultimate-target='.uvc-heading.ultimate-heading-689269e004479274a h2'  data-responsive-json-new='{\"font-size\":\"desktop:26px;\",\"line-height\":\"desktop:36px;\"}' ><h2 style=\"font-weight:bold;\">Gallery<\/h2><\/div><div class=\"uvc-heading-spacer line_only\" style=\"margin-top:15px;margin-bottom:40px;height:4px;\"><span class=\"uvc-headings-line\" style=\"border-style:solid;border-bottom-width:4px;border-color:;width:50px;\"><\/span><\/div><\/div>[\/vc_column][\/vc_row][vc_row][vc_column]<style type=\"text\/css\" data-type=\"the7_shortcodes-inline-css\">.gallery-shortcode.gallery-masonry-shortcode-id-d3ae01da5e0ea6184a4e74a415335cbc figure,\n.gallery-shortcode.gallery-masonry-shortcode-id-d3ae01da5e0ea6184a4e74a415335cbc .rollover,\n.gallery-shortcode.gallery-masonry-shortcode-id-d3ae01da5e0ea6184a4e74a415335cbc img,\n.gallery-shortcode.gallery-masonry-shortcode-id-d3ae01da5e0ea6184a4e74a415335cbc .gallery-rollover {\n  border-radius: 0px;\n}\n.gallery-shortcode.gallery-masonry-shortcode-id-d3ae01da5e0ea6184a4e74a415335cbc.enable-bg-rollover .gallery-rollover {\n  background: -webkit-linear-gradient();\n  background: linear-gradient();\n}\n.gallery-shortcode.gallery-masonry-shortcode-id-d3ae01da5e0ea6184a4e74a415335cbc.enable-bg-rollover.hover-scale figure .rollover:after {\n  background: -webkit-linear-gradient();\n  background: linear-gradient();\n}\n.gallery-shortcode.gallery-masonry-shortcode-id-d3ae01da5e0ea6184a4e74a415335cbc .gallery-zoom-ico {\n  width: 44px;\n  height: 44px;\n  line-height: 44px;\n  border-radius: 100px;\n  margin: -22px 0 0 -22px;\n  border-width: 0px;\n  color: #ffffff;\n}\n.dt-icon-bg-on.gallery-shortcode.gallery-masonry-shortcode-id-d3ae01da5e0ea6184a4e74a415335cbc .gallery-zoom-ico {\n  background: rgba(255,255,255,0.3);\n  box-shadow: none;\n}\n.gallery-shortcode.gallery-masonry-shortcode-id-d3ae01da5e0ea6184a4e74a415335cbc .gallery-zoom-ico:before,\n.gallery-shortcode.gallery-masonry-shortcode-id-d3ae01da5e0ea6184a4e74a415335cbc .gallery-zoom-ico span {\n  font-size: 32px;\n  line-height: 44px;\n  color: #ffffff;\n}\n.gallery-shortcode.gallery-masonry-shortcode-id-d3ae01da5e0ea6184a4e74a415335cbc:not(.resize-by-browser-width) .dt-css-grid {\n  grid-row-gap: 10px;\n  grid-column-gap: 10px;\n  grid-template-columns: repeat(auto-fill,minmax(,1fr));\n}\n.gallery-shortcode.gallery-masonry-shortcode-id-d3ae01da5e0ea6184a4e74a415335cbc:not(.resize-by-browser-width) .dt-css-grid .double-width {\n  grid-column: span 2;\n}\n.cssgridlegacy.no-cssgrid .gallery-shortcode.gallery-masonry-shortcode-id-d3ae01da5e0ea6184a4e74a415335cbc:not(.resize-by-browser-width) .dt-css-grid,\n.no-cssgridlegacy.no-cssgrid .gallery-shortcode.gallery-masonry-shortcode-id-d3ae01da5e0ea6184a4e74a415335cbc:not(.resize-by-browser-width) .dt-css-grid {\n  display: flex;\n  flex-flow: row wrap;\n  margin: -5px;\n}\n.cssgridlegacy.no-cssgrid .gallery-shortcode.gallery-masonry-shortcode-id-d3ae01da5e0ea6184a4e74a415335cbc:not(.resize-by-browser-width) .dt-css-grid .wf-cell,\n.no-cssgridlegacy.no-cssgrid .gallery-shortcode.gallery-masonry-shortcode-id-d3ae01da5e0ea6184a4e74a415335cbc:not(.resize-by-browser-width) .dt-css-grid .wf-cell {\n  flex: 1 0 ;\n  max-width: 100%;\n  padding: 5px;\n  box-sizing: border-box;\n}\n.gallery-shortcode.gallery-masonry-shortcode-id-d3ae01da5e0ea6184a4e74a415335cbc.resize-by-browser-width .dt-css-grid {\n  grid-template-columns: repeat(6,1fr);\n  grid-template-rows: auto;\n  grid-column-gap: 10px;\n  grid-row-gap: 10px;\n}\n.gallery-shortcode.gallery-masonry-shortcode-id-d3ae01da5e0ea6184a4e74a415335cbc.resize-by-browser-width .dt-css-grid .double-width {\n  grid-column: span 2;\n}\n.cssgridlegacy.no-cssgrid .gallery-shortcode.gallery-masonry-shortcode-id-d3ae01da5e0ea6184a4e74a415335cbc.resize-by-browser-width .dt-css-grid {\n  margin: -5px;\n}\n.cssgridlegacy.no-cssgrid .gallery-shortcode.gallery-masonry-shortcode-id-d3ae01da5e0ea6184a4e74a415335cbc.resize-by-browser-width .dt-css-grid .wf-cell {\n  width: 16.666666666667%;\n  padding: 5px;\n}\n.cssgridlegacy.no-cssgrid .gallery-shortcode.gallery-masonry-shortcode-id-d3ae01da5e0ea6184a4e74a415335cbc.resize-by-browser-width .dt-css-grid .wf-cell.double-width {\n  width: calc(16.666666666667%) * 2;\n}\n.gallery-shortcode.gallery-masonry-shortcode-id-d3ae01da5e0ea6184a4e74a415335cbc.resize-by-browser-width:not(.centered-layout-list):not(.content-bg-on) .dt-css-grid {\n  grid-row-gap: 10px - ;\n}\n@media screen and (max-width: 1199px) {\n  .gallery-shortcode.gallery-masonry-shortcode-id-d3ae01da5e0ea6184a4e74a415335cbc.resize-by-browser-width .dt-css-grid {\n    grid-template-columns: repeat(4,1fr);\n  }\n  .cssgridlegacy.no-cssgrid .gallery-shortcode.gallery-masonry-shortcode-id-d3ae01da5e0ea6184a4e74a415335cbc.resize-by-browser-width .dt-css-grid .wf-cell,\n  .no-cssgridlegacy.no-cssgrid .gallery-shortcode.gallery-masonry-shortcode-id-d3ae01da5e0ea6184a4e74a415335cbc.resize-by-browser-width .dt-css-grid .wf-cell {\n    width: 25%;\n  }\n  .cssgridlegacy.no-cssgrid .gallery-shortcode.gallery-masonry-shortcode-id-d3ae01da5e0ea6184a4e74a415335cbc.resize-by-browser-width .dt-css-grid .wf-cell.double-width,\n  .no-cssgridlegacy.no-cssgrid .gallery-shortcode.gallery-masonry-shortcode-id-d3ae01da5e0ea6184a4e74a415335cbc.resize-by-browser-width .dt-css-grid .wf-cell.double-width {\n    width: calc(25%)*2;\n  }\n}\n@media screen and (max-width: 991px) {\n  .gallery-shortcode.gallery-masonry-shortcode-id-d3ae01da5e0ea6184a4e74a415335cbc.resize-by-browser-width .dt-css-grid {\n    grid-template-columns: repeat(3,1fr);\n  }\n  .cssgridlegacy.no-cssgrid .gallery-shortcode.gallery-masonry-shortcode-id-d3ae01da5e0ea6184a4e74a415335cbc.resize-by-browser-width .dt-css-grid .wf-cell,\n  .no-cssgridlegacy.no-cssgrid .gallery-shortcode.gallery-masonry-shortcode-id-d3ae01da5e0ea6184a4e74a415335cbc.resize-by-browser-width .dt-css-grid .wf-cell {\n    width: 33.333333333333%;\n  }\n  .cssgridlegacy.no-cssgrid .gallery-shortcode.gallery-masonry-shortcode-id-d3ae01da5e0ea6184a4e74a415335cbc.resize-by-browser-width .dt-css-grid .wf-cell.double-width,\n  .no-cssgridlegacy.no-cssgrid .gallery-shortcode.gallery-masonry-shortcode-id-d3ae01da5e0ea6184a4e74a415335cbc.resize-by-browser-width .dt-css-grid .wf-cell.double-width {\n    width: calc(33.333333333333%)*2;\n  }\n}\n@media screen and (max-width: 767px) {\n  .gallery-shortcode.gallery-masonry-shortcode-id-d3ae01da5e0ea6184a4e74a415335cbc.resize-by-browser-width .dt-css-grid {\n    grid-template-columns: repeat(2,1fr);\n  }\n  .cssgridlegacy.no-cssgrid .gallery-shortcode.gallery-masonry-shortcode-id-d3ae01da5e0ea6184a4e74a415335cbc.resize-by-browser-width .dt-css-grid .wf-cell,\n  .no-cssgridlegacy.no-cssgrid .gallery-shortcode.gallery-masonry-shortcode-id-d3ae01da5e0ea6184a4e74a415335cbc.resize-by-browser-width .dt-css-grid .wf-cell {\n    width: 50%;\n  }\n  .cssgridlegacy.no-cssgrid .gallery-shortcode.gallery-masonry-shortcode-id-d3ae01da5e0ea6184a4e74a415335cbc.resize-by-browser-width .dt-css-grid .wf-cell.double-width,\n  .no-cssgridlegacy.no-cssgrid .gallery-shortcode.gallery-masonry-shortcode-id-d3ae01da5e0ea6184a4e74a415335cbc.resize-by-browser-width .dt-css-grid .wf-cell.double-width {\n    width: calc(50%)*2;\n  }\n}<\/style><div class=\"gallery-shortcode dt-gallery-container gallery-masonry-shortcode-id-d3ae01da5e0ea6184a4e74a415335cbc mode-masonry jquery-filter dt-icon-bg-off quick-scale-img enable-bg-rollover resize-by-browser-width  hover-fade loading-effect-none description-on-hover\" data-padding=\"5px\" data-cur-page=\"1\" data-post-limit=\"-1\" data-pagination-mode=\"none\" data-desktop-columns-num=\"6\" data-v-tablet-columns-num=\"3\" data-h-tablet-columns-num=\"4\" data-phone-columns-num=\"2\" data-width=\"0px\" data-columns=\"0\"><div class=\"iso-container\" ><div class=\"wf-cell iso-item\" data-post-id=\"1923\" data-date=\"2020-03-03T17:13:37+01:00\" data-name=\"Mobili di arredo Seimm\"><figure class=\"post visible\"><a href=\"https:\/\/www.seimmserramenti.it\/wp-content\/uploads\/2020\/03\/mobili-di-arredo.jpg\" class=\"rollover dt-pswp-item layzr-bg\" data-large_image_width=\"663\" data-large_image_height=\"800\" data-dt-img-description=\"\" title=\"Mobili di arredo Seimm\"><img decoding=\"async\" class=\"preload-me iso-lazy-load aspect\" src=\"data:image\/svg+xml,%3Csvg%20xmlns%3D&#39;http%3A%2F%2Fwww.w3.org%2F2000%2Fsvg&#39;%20viewBox%3D&#39;0%200%20379%20457&#39;%2F%3E\" data-src=\"https:\/\/www.seimmserramenti.it\/wp-content\/uploads\/2020\/03\/mobili-di-arredo-379x457.jpg\" data-srcset=\"https:\/\/www.seimmserramenti.it\/wp-content\/uploads\/2020\/03\/mobili-di-arredo-379x457.jpg 379w, https:\/\/www.seimmserramenti.it\/wp-content\/uploads\/2020\/03\/mobili-di-arredo-569x686.jpg 569w\" loading=\"eager\" style=\"--ratio: 379 \/ 457\" sizes=\"(max-width: 379px) 100vw, 379px\" alt=\"\" width=\"379\" height=\"457\"  \/><span class=\"gallery-rollover\"><span class=\"gallery-zoom-ico icomoon-the7-font-the7-zoom-06\"><span><\/span><\/span><\/span><\/a><\/figure><\/div><div class=\"wf-cell iso-item\" data-post-id=\"1899\" data-date=\"2020-02-06T23:06:14+01:00\" data-name=\"Complementi di arredo Falegnameria Seimm\"><figure class=\"post visible\"><a href=\"https:\/\/www.seimmserramenti.it\/wp-content\/uploads\/2020\/02\/complementi-seimm-serramenti.jpg\" class=\"rollover dt-pswp-item layzr-bg\" data-large_image_width=\"600\" data-large_image_height=\"380\" data-dt-img-description=\"\" title=\"Complementi di arredo Falegnameria Seimm\"><img decoding=\"async\" class=\"preload-me iso-lazy-load aspect\" src=\"data:image\/svg+xml,%3Csvg%20xmlns%3D&#39;http%3A%2F%2Fwww.w3.org%2F2000%2Fsvg&#39;%20viewBox%3D&#39;0%200%20379%20240&#39;%2F%3E\" data-src=\"https:\/\/www.seimmserramenti.it\/wp-content\/uploads\/2020\/02\/complementi-seimm-serramenti-379x240.jpg\" data-srcset=\"https:\/\/www.seimmserramenti.it\/wp-content\/uploads\/2020\/02\/complementi-seimm-serramenti-379x240.jpg 379w, https:\/\/www.seimmserramenti.it\/wp-content\/uploads\/2020\/02\/complementi-seimm-serramenti-569x360.jpg 569w\" loading=\"eager\" style=\"--ratio: 379 \/ 240\" sizes=\"(max-width: 379px) 100vw, 379px\" alt=\"\" width=\"379\" height=\"240\"  \/><span class=\"gallery-rollover\"><span class=\"gallery-zoom-ico icomoon-the7-font-the7-zoom-06\"><span><\/span><\/span><\/span><\/a><\/figure><\/div><div class=\"wf-cell iso-item\" data-post-id=\"1933\" data-date=\"2020-03-04T08:31:21+01:00\" data-name=\"portoni-sezionali-simil-legno-motorizzati-belotti\"><figure class=\"post visible\"><a href=\"https:\/\/www.seimmserramenti.it\/wp-content\/uploads\/2020\/03\/portoni-sezionali-simil-legno-motorizzati-belotti.jpg\" class=\"rollover dt-pswp-item layzr-bg\" data-large_image_width=\"1075\" data-large_image_height=\"806\" data-dt-img-description=\"\" title=\"portoni-sezionali-simil-legno-motorizzati-belotti\"><img decoding=\"async\" class=\"preload-me iso-lazy-load aspect\" src=\"data:image\/svg+xml,%3Csvg%20xmlns%3D&#39;http%3A%2F%2Fwww.w3.org%2F2000%2Fsvg&#39;%20viewBox%3D&#39;0%200%20379%20284&#39;%2F%3E\" data-src=\"https:\/\/www.seimmserramenti.it\/wp-content\/uploads\/2020\/03\/portoni-sezionali-simil-legno-motorizzati-belotti-379x284.jpg\" data-srcset=\"https:\/\/www.seimmserramenti.it\/wp-content\/uploads\/2020\/03\/portoni-sezionali-simil-legno-motorizzati-belotti-379x284.jpg 379w, https:\/\/www.seimmserramenti.it\/wp-content\/uploads\/2020\/03\/portoni-sezionali-simil-legno-motorizzati-belotti-569x426.jpg 569w\" loading=\"eager\" style=\"--ratio: 379 \/ 284\" sizes=\"(max-width: 379px) 100vw, 379px\" alt=\"\" width=\"379\" height=\"284\"  \/><span class=\"gallery-rollover\"><span class=\"gallery-zoom-ico icomoon-the7-font-the7-zoom-06\"><span><\/span><\/span><\/span><\/a><\/figure><\/div><div class=\"wf-cell iso-item\" data-post-id=\"1935\" data-date=\"2020-03-04T08:33:53+01:00\" data-name=\"Frangisole persiane Seimm serramenti\"><figure class=\"post visible\"><a href=\"https:\/\/www.seimmserramenti.it\/wp-content\/uploads\/2020\/03\/frangisole-persiane.jpg\" class=\"rollover dt-pswp-item layzr-bg\" data-large_image_width=\"1232\" data-large_image_height=\"816\" data-dt-img-description=\"\" title=\"Frangisole persiane Seimm serramenti\"><img decoding=\"async\" class=\"preload-me iso-lazy-load aspect\" src=\"data:image\/svg+xml,%3Csvg%20xmlns%3D&#39;http%3A%2F%2Fwww.w3.org%2F2000%2Fsvg&#39;%20viewBox%3D&#39;0%200%20379%20251&#39;%2F%3E\" data-src=\"https:\/\/www.seimmserramenti.it\/wp-content\/uploads\/2020\/03\/frangisole-persiane-379x251.jpg\" data-srcset=\"https:\/\/www.seimmserramenti.it\/wp-content\/uploads\/2020\/03\/frangisole-persiane-379x251.jpg 379w, https:\/\/www.seimmserramenti.it\/wp-content\/uploads\/2020\/03\/frangisole-persiane-569x377.jpg 569w\" loading=\"eager\" style=\"--ratio: 379 \/ 251\" sizes=\"(max-width: 379px) 100vw, 379px\" alt=\"\" width=\"379\" height=\"251\"  \/><span class=\"gallery-rollover\"><span class=\"gallery-zoom-ico icomoon-the7-font-the7-zoom-06\"><span><\/span><\/span><\/span><\/a><\/figure><\/div><\/div><!-- iso-container|iso-grid --><\/div>[\/vc_column][\/vc_row]<\/p>\n<\/div>","protected":false},"excerpt":{"rendered":"<p>[vc_row type=\u00a0\u00bbvc_default\u00a0\u00bb css=\u00a0\u00bb.vc_custom_1474268037787{margin-bottom: -30px !important;padding-bottom: 30px !important;}\u00a0\u00bb][vc_column offset=\u00a0\u00bbvc_col-lg-12 vc_col-md-12 vc_col-xs-12&Prime;][vc_column_text css=\u00a0\u00bb.vc_custom_1694098902105{padding-bottom: 60px !important;}\u00a0\u00bb]Portes sectionnelles manuelles ou motoris\u00e9es \u00e0 lattes de 40mm, volets ou persiennes en bois et aluminium, volets roulants en PVC, aluminium et acier, stores pare-soleil motoris\u00e9es, moustiquaires ext\u00e9rieures ou encastr\u00e9es, grilles de s\u00e9curit\u00e9, mobilier sur-mesure et ameublement.[\/vc_column_text][\/vc_column][\/vc_row][vc_row][vc_column][\/vc_column][\/vc_row]<\/p>\n","protected":false},"author":1,"featured_media":0,"parent":2239,"menu_order":0,"comment_status":"closed","ping_status":"closed","template":"","meta":{"footnotes":""},"class_list":["post-2274","page","type-page","status-publish","hentry","description-off"],"yoast_head":"<!-- This site is optimized with the Yoast SEO plugin v27.4 - https:\/\/yoast.com\/product\/yoast-seo-wordpress\/ -->\n<title>Compl\u00e9ments - Seimm Serramenti<\/title>\n<meta name=\"robots\" content=\"index, follow, max-snippet:-1, max-image-preview:large, max-video-preview:-1\" \/>\n<link rel=\"canonical\" href=\"https:\/\/www.seimmserramenti.it\/fr\/produits-serramenti-seimm\/complements\/\" \/>\n<meta property=\"og:locale\" content=\"fr_FR\" \/>\n<meta property=\"og:type\" content=\"article\" \/>\n<meta property=\"og:title\" content=\"Compl\u00e9ments - Seimm Serramenti\" \/>\n<meta property=\"og:description\" content=\"[vc_row type=\u00a0\u00bbvc_default\u00a0\u00bb css=\u00a0\u00bb.vc_custom_1474268037787{margin-bottom: -30px !important;padding-bottom: 30px !important;}\u00a0\u00bb][vc_column offset=\u00a0\u00bbvc_col-lg-12 vc_col-md-12 vc_col-xs-12&Prime;][vc_column_text css=\u00a0\u00bb.vc_custom_1694098902105{padding-bottom: 60px !important;}\u00a0\u00bb]Portes sectionnelles manuelles ou motoris\u00e9es \u00e0 lattes de 40mm, volets ou persiennes en bois et aluminium, volets roulants en PVC, aluminium et acier, stores pare-soleil motoris\u00e9es, moustiquaires ext\u00e9rieures ou encastr\u00e9es, grilles de s\u00e9curit\u00e9, mobilier sur-mesure et ameublement.[\/vc_column_text][\/vc_column][\/vc_row][vc_row][vc_column][\/vc_column][\/vc_row]\" \/>\n<meta property=\"og:url\" content=\"https:\/\/www.seimmserramenti.it\/fr\/produits-serramenti-seimm\/complements\/\" \/>\n<meta property=\"og:site_name\" content=\"Seimm Serramenti\" \/>\n<meta property=\"article:modified_time\" content=\"2023-09-07T15:18:43+00:00\" \/>\n<meta name=\"twitter:card\" content=\"summary_large_image\" \/>\n<meta name=\"twitter:label1\" content=\"Dur\u00e9e de lecture estim\u00e9e\" \/>\n\t<meta name=\"twitter:data1\" content=\"1 minute\" \/>\n<script type=\"application\/ld+json\" class=\"yoast-schema-graph\">{\"@context\":\"https:\\\/\\\/schema.org\",\"@graph\":[{\"@type\":\"WebPage\",\"@id\":\"https:\\\/\\\/www.seimmserramenti.it\\\/fr\\\/produits-serramenti-seimm\\\/complements\\\/\",\"url\":\"https:\\\/\\\/www.seimmserramenti.it\\\/fr\\\/produits-serramenti-seimm\\\/complements\\\/\",\"name\":\"Compl\u00e9ments - Seimm Serramenti\",\"isPartOf\":{\"@id\":\"https:\\\/\\\/www.seimmserramenti.it\\\/fr\\\/#website\"},\"datePublished\":\"2020-03-03T10:10:21+00:00\",\"dateModified\":\"2023-09-07T15:18:43+00:00\",\"breadcrumb\":{\"@id\":\"https:\\\/\\\/www.seimmserramenti.it\\\/fr\\\/produits-serramenti-seimm\\\/complements\\\/#breadcrumb\"},\"inLanguage\":\"fr-FR\",\"potentialAction\":[{\"@type\":\"ReadAction\",\"target\":[\"https:\\\/\\\/www.seimmserramenti.it\\\/fr\\\/produits-serramenti-seimm\\\/complements\\\/\"]}]},{\"@type\":\"BreadcrumbList\",\"@id\":\"https:\\\/\\\/www.seimmserramenti.it\\\/fr\\\/produits-serramenti-seimm\\\/complements\\\/#breadcrumb\",\"itemListElement\":[{\"@type\":\"ListItem\",\"position\":1,\"name\":\"Home\",\"item\":\"https:\\\/\\\/www.seimmserramenti.it\\\/fr\\\/\"},{\"@type\":\"ListItem\",\"position\":2,\"name\":\"Produits de Seimm Serramenti\",\"item\":\"https:\\\/\\\/www.seimmserramenti.it\\\/fr\\\/produits-serramenti-seimm\\\/\"},{\"@type\":\"ListItem\",\"position\":3,\"name\":\"Compl\u00e9ments\"}]},{\"@type\":\"WebSite\",\"@id\":\"https:\\\/\\\/www.seimmserramenti.it\\\/fr\\\/#website\",\"url\":\"https:\\\/\\\/www.seimmserramenti.it\\\/fr\\\/\",\"name\":\"Seimm Serramenti\",\"description\":\"La sicurezza fatta a deisgn\",\"potentialAction\":[{\"@type\":\"SearchAction\",\"target\":{\"@type\":\"EntryPoint\",\"urlTemplate\":\"https:\\\/\\\/www.seimmserramenti.it\\\/fr\\\/?s={search_term_string}\"},\"query-input\":{\"@type\":\"PropertyValueSpecification\",\"valueRequired\":true,\"valueName\":\"search_term_string\"}}],\"inLanguage\":\"fr-FR\"}]}<\/script>\n<!-- \/ Yoast SEO plugin. -->","yoast_head_json":{"title":"Compl\u00e9ments - Seimm Serramenti","robots":{"index":"index","follow":"follow","max-snippet":"max-snippet:-1","max-image-preview":"max-image-preview:large","max-video-preview":"max-video-preview:-1"},"canonical":"https:\/\/www.seimmserramenti.it\/fr\/produits-serramenti-seimm\/complements\/","og_locale":"fr_FR","og_type":"article","og_title":"Compl\u00e9ments - Seimm Serramenti","og_description":"[vc_row type=\u00a0\u00bbvc_default\u00a0\u00bb css=\u00a0\u00bb.vc_custom_1474268037787{margin-bottom: -30px !important;padding-bottom: 30px !important;}\u00a0\u00bb][vc_column offset=\u00a0\u00bbvc_col-lg-12 vc_col-md-12 vc_col-xs-12&Prime;][vc_column_text css=\u00a0\u00bb.vc_custom_1694098902105{padding-bottom: 60px !important;}\u00a0\u00bb]Portes sectionnelles manuelles ou motoris\u00e9es \u00e0 lattes de 40mm, volets ou persiennes en bois et aluminium, volets roulants en PVC, aluminium et acier, stores pare-soleil motoris\u00e9es, moustiquaires ext\u00e9rieures ou encastr\u00e9es, grilles de s\u00e9curit\u00e9, mobilier sur-mesure et ameublement.[\/vc_column_text][\/vc_column][\/vc_row][vc_row][vc_column][\/vc_column][\/vc_row]","og_url":"https:\/\/www.seimmserramenti.it\/fr\/produits-serramenti-seimm\/complements\/","og_site_name":"Seimm Serramenti","article_modified_time":"2023-09-07T15:18:43+00:00","twitter_card":"summary_large_image","twitter_misc":{"Dur\u00e9e de lecture estim\u00e9e":"1 minute"},"schema":{"@context":"https:\/\/schema.org","@graph":[{"@type":"WebPage","@id":"https:\/\/www.seimmserramenti.it\/fr\/produits-serramenti-seimm\/complements\/","url":"https:\/\/www.seimmserramenti.it\/fr\/produits-serramenti-seimm\/complements\/","name":"Compl\u00e9ments - Seimm Serramenti","isPartOf":{"@id":"https:\/\/www.seimmserramenti.it\/fr\/#website"},"datePublished":"2020-03-03T10:10:21+00:00","dateModified":"2023-09-07T15:18:43+00:00","breadcrumb":{"@id":"https:\/\/www.seimmserramenti.it\/fr\/produits-serramenti-seimm\/complements\/#breadcrumb"},"inLanguage":"fr-FR","potentialAction":[{"@type":"ReadAction","target":["https:\/\/www.seimmserramenti.it\/fr\/produits-serramenti-seimm\/complements\/"]}]},{"@type":"BreadcrumbList","@id":"https:\/\/www.seimmserramenti.it\/fr\/produits-serramenti-seimm\/complements\/#breadcrumb","itemListElement":[{"@type":"ListItem","position":1,"name":"Home","item":"https:\/\/www.seimmserramenti.it\/fr\/"},{"@type":"ListItem","position":2,"name":"Produits de Seimm Serramenti","item":"https:\/\/www.seimmserramenti.it\/fr\/produits-serramenti-seimm\/"},{"@type":"ListItem","position":3,"name":"Compl\u00e9ments"}]},{"@type":"WebSite","@id":"https:\/\/www.seimmserramenti.it\/fr\/#website","url":"https:\/\/www.seimmserramenti.it\/fr\/","name":"Seimm Serramenti","description":"La sicurezza fatta a deisgn","potentialAction":[{"@type":"SearchAction","target":{"@type":"EntryPoint","urlTemplate":"https:\/\/www.seimmserramenti.it\/fr\/?s={search_term_string}"},"query-input":{"@type":"PropertyValueSpecification","valueRequired":true,"valueName":"search_term_string"}}],"inLanguage":"fr-FR"}]}},"_links":{"self":[{"href":"https:\/\/www.seimmserramenti.it\/fr\/wp-json\/wp\/v2\/pages\/2274","targetHints":{"allow":["GET"]}}],"collection":[{"href":"https:\/\/www.seimmserramenti.it\/fr\/wp-json\/wp\/v2\/pages"}],"about":[{"href":"https:\/\/www.seimmserramenti.it\/fr\/wp-json\/wp\/v2\/types\/page"}],"author":[{"embeddable":true,"href":"https:\/\/www.seimmserramenti.it\/fr\/wp-json\/wp\/v2\/users\/1"}],"replies":[{"embeddable":true,"href":"https:\/\/www.seimmserramenti.it\/fr\/wp-json\/wp\/v2\/comments?post=2274"}],"version-history":[{"count":4,"href":"https:\/\/www.seimmserramenti.it\/fr\/wp-json\/wp\/v2\/pages\/2274\/revisions"}],"predecessor-version":[{"id":2426,"href":"https:\/\/www.seimmserramenti.it\/fr\/wp-json\/wp\/v2\/pages\/2274\/revisions\/2426"}],"up":[{"embeddable":true,"href":"https:\/\/www.seimmserramenti.it\/fr\/wp-json\/wp\/v2\/pages\/2239"}],"wp:attachment":[{"href":"https:\/\/www.seimmserramenti.it\/fr\/wp-json\/wp\/v2\/media?parent=2274"}],"curies":[{"name":"wp","href":"https:\/\/api.w.org\/{rel}","templated":true}]}}