{"id":2239,"date":"2020-02-06T22:33:10","date_gmt":"2020-02-06T21:33:10","guid":{"rendered":"https:\/\/www.seimmserramenti.it\/prodotti-serramenti-seimm\/"},"modified":"2023-09-07T16:52:49","modified_gmt":"2023-09-07T14:52:49","slug":"produits-serramenti-seimm","status":"publish","type":"page","link":"https:\/\/www.seimmserramenti.it\/fr\/produits-serramenti-seimm\/","title":{"rendered":"Produits de Seimm Serramenti"},"content":{"rendered":"<div class=\"wpb-content-wrapper\"><p>[vc_row][vc_column][vc_empty_space height=\u00a0\u00bb50px\u00a0\u00bb][\/vc_column][\/vc_row][vc_row][vc_column width=\u00a0\u00bb1\/2&Prime;]<style type=\"text\/css\" data-type=\"the7_shortcodes-inline-css\">.shortcode-single-image-wrap.shortcode-single-image-9e50f590008700ef4b3d9576c182135d.enable-bg-rollover .rollover i,\n.shortcode-single-image-wrap.shortcode-single-image-9e50f590008700ef4b3d9576c182135d.enable-bg-rollover .rollover-video i {\n  background: -webkit-linear-gradient();\n  background: linear-gradient();\n}\n.shortcode-single-image-wrap.shortcode-single-image-9e50f590008700ef4b3d9576c182135d .rollover-icon {\n  font-size: 32px;\n  color: #ffffff;\n  min-width: 44px;\n  min-height: 44px;\n  line-height: 44px;\n  border-radius: 100px;\n  border-style: solid;\n  border-width: 0px;\n}\n.dt-icon-bg-on.shortcode-single-image-wrap.shortcode-single-image-9e50f590008700ef4b3d9576c182135d .rollover-icon {\n  background: rgba(255,255,255,0.3);\n  box-shadow: none;\n}<\/style><div class=\"shortcode-single-image-wrap shortcode-single-image-9e50f590008700ef4b3d9576c182135d alignnone  enable-bg-rollover dt-icon-bg-off\" style=\"margin-top:0px; margin-bottom:0px; margin-left:0px; margin-right:0px; width:600px;\"><div class=\"shortcode-single-image\"><div class=\"fancy-media-wrap  layzr-bg\" style=\"\"><img fetchpriority=\"high\" decoding=\"async\" class=\"preload-me lazy-load aspect\" src=\"data:image\/svg+xml,%3Csvg%20xmlns%3D&#39;http%3A%2F%2Fwww.w3.org%2F2000%2Fsvg&#39;%20viewBox%3D&#39;0%200%20600%20380&#39;%2F%3E\" data-src=\"https:\/\/www.seimmserramenti.it\/wp-content\/uploads\/2020\/03\/porta-esterna-con-persiane-seimm-1.jpg\" data-srcset=\"https:\/\/www.seimmserramenti.it\/wp-content\/uploads\/2020\/03\/porta-esterna-con-persiane-seimm-1.jpg 600w\" loading=\"eager\" sizes=\"(max-width: 600px) 100vw, 600px\" width=\"600\" height=\"380\"  data-dt-location=\"https:\/\/www.seimmserramenti.it\/fr\/prodotti-serramenti-seimm\/porta-esterna-con-persiane-seimm-2\/\" style=\"--ratio: 600 \/ 380;\" alt=\"Serramenti Seimm\" \/><\/div><\/div><\/div>[vc_column_text css=\u00a0\u00bb.vc_custom_1694098054636{padding-bottom: 20px !important;}\u00a0\u00bb]<\/p>\n<h3>Les fen\u00eatres<\/h3>\n<p>Portes et fen\u00eatres ext\u00e9rieures en bois, bois-aluminium, pvc et aluminium de diff\u00e9rentes \u00e9paisseurs et model\u00e9s, large gamme de finitions et de couleurs. Portes coulissantes, portes, fen\u00eatr\u00e9s, portes d&rsquo;entr\u00e9e, baies vitr\u00e9es, design.[\/vc_column_text]<style type=\"text\/css\" data-type=\"the7_shortcodes-inline-css\">#default-btn-51ffe50bf3508f674a76d93a2a804701.ico-right-side > i {\n  margin-right: 0px;\n  margin-left: 8px;\n}\n#default-btn-51ffe50bf3508f674a76d93a2a804701 > i {\n  margin-right: 8px;\n}<\/style><a href=\"https:\/\/www.seimmserramenti.it\/fr\/produits-serramenti-seimm\/les-fenetres\/\" class=\"default-btn-shortcode dt-btn dt-btn-m link-hover-off btn-inline-left \" id=\"default-btn-51ffe50bf3508f674a76d93a2a804701\" title=\"Les fen\u00eatres\"><span>d\u00e9tails&#8230;<\/span><\/a>[\/vc_column][vc_column width=\u00a0\u00bb1\/2&Prime;]<style type=\"text\/css\" data-type=\"the7_shortcodes-inline-css\">.shortcode-single-image-wrap.shortcode-single-image-34f62faf7bcdf7d591fe8230a96c438a.enable-bg-rollover .rollover i,\n.shortcode-single-image-wrap.shortcode-single-image-34f62faf7bcdf7d591fe8230a96c438a.enable-bg-rollover .rollover-video i {\n  background: -webkit-linear-gradient();\n  background: linear-gradient();\n}\n.shortcode-single-image-wrap.shortcode-single-image-34f62faf7bcdf7d591fe8230a96c438a .rollover-icon {\n  font-size: 32px;\n  color: #ffffff;\n  min-width: 44px;\n  min-height: 44px;\n  line-height: 44px;\n  border-radius: 100px;\n  border-style: solid;\n  border-width: 0px;\n}\n.dt-icon-bg-on.shortcode-single-image-wrap.shortcode-single-image-34f62faf7bcdf7d591fe8230a96c438a .rollover-icon {\n  background: rgba(255,255,255,0.3);\n  box-shadow: none;\n}<\/style><div class=\"shortcode-single-image-wrap shortcode-single-image-34f62faf7bcdf7d591fe8230a96c438a alignnone  enable-bg-rollover dt-icon-bg-off\" style=\"margin-top:0px; margin-bottom:0px; margin-left:0px; margin-right:0px; width:600px;\"><div class=\"shortcode-single-image\"><div class=\"fancy-media-wrap  layzr-bg\" style=\"\"><img decoding=\"async\" class=\"preload-me lazy-load aspect\" src=\"data:image\/svg+xml,%3Csvg%20xmlns%3D&#39;http%3A%2F%2Fwww.w3.org%2F2000%2Fsvg&#39;%20viewBox%3D&#39;0%200%20600%20380&#39;%2F%3E\" data-src=\"https:\/\/www.seimmserramenti.it\/wp-content\/uploads\/2020\/03\/porte-interne-seimm-serramenti-nw.png\" data-srcset=\"https:\/\/www.seimmserramenti.it\/wp-content\/uploads\/2020\/03\/porte-interne-seimm-serramenti-nw.png 600w\" loading=\"eager\" sizes=\"(max-width: 600px) 100vw, 600px\" width=\"600\" height=\"380\"  data-dt-location=\"https:\/\/www.seimmserramenti.it\/fr\/porte-interne-seimm-serramenti-nw\/\" style=\"--ratio: 600 \/ 380;\" alt=\"Porte interne Seimm serramenti\" \/><\/div><\/div><\/div>[vc_column_text css=\u00a0\u00bb.vc_custom_1694098224296{padding-bottom: 20px !important;}\u00a0\u00bb]<\/p>\n<h3>Portes int\u00e9rieures<\/h3>\n<p>Portes int\u00e9rieures battantes ou coulissantes, en bois, stratifi\u00e9, aluminium et verre, une large gamme de mod\u00e8les des plus classiques aux plus modernes[\/vc_column_text]<style type=\"text\/css\" data-type=\"the7_shortcodes-inline-css\">#default-btn-f422f2c493f4523a4ebc4e8f18496bfd.ico-right-side > i {\n  margin-right: 0px;\n  margin-left: 8px;\n}\n#default-btn-f422f2c493f4523a4ebc4e8f18496bfd > i {\n  margin-right: 8px;\n}<\/style><a href=\"https:\/\/www.seimmserramenti.it\/fr\/produits-serramenti-seimm\/portes-interieures\/\" class=\"default-btn-shortcode dt-btn dt-btn-m link-hover-off btn-inline-left \" id=\"default-btn-f422f2c493f4523a4ebc4e8f18496bfd\" title=\"Portes interieures\"><span>d\u00e9tails&#8230;<\/span><\/a>[\/vc_column][\/vc_row][vc_row][vc_column][vc_empty_space height=\u00a0\u00bb50px\u00a0\u00bb][\/vc_column][\/vc_row][vc_row][vc_column width=\u00a0\u00bb1\/2&Prime;]<style type=\"text\/css\" data-type=\"the7_shortcodes-inline-css\">.shortcode-single-image-wrap.shortcode-single-image-982bfb89549d1b3db3069d157a6444b5.enable-bg-rollover .rollover i,\n.shortcode-single-image-wrap.shortcode-single-image-982bfb89549d1b3db3069d157a6444b5.enable-bg-rollover .rollover-video i {\n  background: -webkit-linear-gradient();\n  background: linear-gradient();\n}\n.shortcode-single-image-wrap.shortcode-single-image-982bfb89549d1b3db3069d157a6444b5 .rollover-icon {\n  font-size: 32px;\n  color: #ffffff;\n  min-width: 44px;\n  min-height: 44px;\n  line-height: 44px;\n  border-radius: 100px;\n  border-style: solid;\n  border-width: 0px;\n}\n.dt-icon-bg-on.shortcode-single-image-wrap.shortcode-single-image-982bfb89549d1b3db3069d157a6444b5 .rollover-icon {\n  background: rgba(255,255,255,0.3);\n  box-shadow: none;\n}<\/style><div class=\"shortcode-single-image-wrap shortcode-single-image-982bfb89549d1b3db3069d157a6444b5 alignnone  enable-bg-rollover dt-icon-bg-off\" style=\"margin-top:0px; margin-bottom:0px; margin-left:0px; margin-right:0px; width:600px;\"><div class=\"shortcode-single-image\"><div class=\"fancy-media-wrap  layzr-bg\" style=\"\"><img decoding=\"async\" class=\"preload-me lazy-load aspect\" src=\"data:image\/svg+xml,%3Csvg%20xmlns%3D&#39;http%3A%2F%2Fwww.w3.org%2F2000%2Fsvg&#39;%20viewBox%3D&#39;0%200%20600%20380&#39;%2F%3E\" data-src=\"https:\/\/www.seimmserramenti.it\/wp-content\/uploads\/2020\/02\/complementi-seimm-serramenti.jpg\" data-srcset=\"https:\/\/www.seimmserramenti.it\/wp-content\/uploads\/2020\/02\/complementi-seimm-serramenti.jpg 600w\" loading=\"eager\" sizes=\"(max-width: 600px) 100vw, 600px\" width=\"600\" height=\"380\"  data-dt-location=\"https:\/\/www.seimmserramenti.it\/fr\/complementi-seimm-serramenti\/\" style=\"--ratio: 600 \/ 380;\" alt=\"Complementi di arredo Falegnameria Seimm\" \/><\/div><\/div><\/div>[vc_column_text css=\u00a0\u00bb.vc_custom_1694098270137{padding-bottom: 20px !important;}\u00a0\u00bb]<\/p>\n<h3>Divers compl\u00e9ments<\/h3>\n<p>Portes sectionnelles manuelles ou motoris\u00e9es \u00e0 lattes de 40mm, volets ou persiennes en bois et aluminium, volets roulants en PVC, aluminium et acier, stores pare-soleil motoris\u00e9es, moustiquaires ext\u00e9rieures ou encastr\u00e9es, grilles de s\u00e9curit\u00e9, mobilier sur-mesure et ameublement.[\/vc_column_text]<style type=\"text\/css\" data-type=\"the7_shortcodes-inline-css\">#default-btn-25cfc2e5e36d42e5323c12fbe3b1df66.ico-right-side > i {\n  margin-right: 0px;\n  margin-left: 8px;\n}\n#default-btn-25cfc2e5e36d42e5323c12fbe3b1df66 > i {\n  margin-right: 8px;\n}<\/style><a href=\"https:\/\/www.seimmserramenti.it\/fr\/produits-serramenti-seimm\/complements\/\" class=\"default-btn-shortcode dt-btn dt-btn-m link-hover-off btn-inline-left \" id=\"default-btn-25cfc2e5e36d42e5323c12fbe3b1df66\" title=\"Compl\u00e8ments\"><span>d\u00e9tails&#8230;<\/span><\/a>[\/vc_column][vc_column width=\u00a0\u00bb1\/2&Prime;]<style type=\"text\/css\" data-type=\"the7_shortcodes-inline-css\">.shortcode-single-image-wrap.shortcode-single-image-5388225d6f5fc1d6018e9e06f56af3a5.enable-bg-rollover .rollover i,\n.shortcode-single-image-wrap.shortcode-single-image-5388225d6f5fc1d6018e9e06f56af3a5.enable-bg-rollover .rollover-video i {\n  background: -webkit-linear-gradient();\n  background: linear-gradient();\n}\n.shortcode-single-image-wrap.shortcode-single-image-5388225d6f5fc1d6018e9e06f56af3a5 .rollover-icon {\n  font-size: 32px;\n  color: #ffffff;\n  min-width: 44px;\n  min-height: 44px;\n  line-height: 44px;\n  border-radius: 100px;\n  border-style: solid;\n  border-width: 0px;\n}\n.dt-icon-bg-on.shortcode-single-image-wrap.shortcode-single-image-5388225d6f5fc1d6018e9e06f56af3a5 .rollover-icon {\n  background: rgba(255,255,255,0.3);\n  box-shadow: none;\n}<\/style><div class=\"shortcode-single-image-wrap shortcode-single-image-5388225d6f5fc1d6018e9e06f56af3a5 alignnone  enable-bg-rollover dt-icon-bg-off\" style=\"margin-top:0px; margin-bottom:0px; margin-left:0px; margin-right:0px; width:600px;\"><div class=\"shortcode-single-image\"><div class=\"fancy-media-wrap  layzr-bg\" style=\"\"><img decoding=\"async\" class=\"preload-me lazy-load aspect\" src=\"data:image\/svg+xml,%3Csvg%20xmlns%3D&#39;http%3A%2F%2Fwww.w3.org%2F2000%2Fsvg&#39;%20viewBox%3D&#39;0%200%20600%20380&#39;%2F%3E\" data-src=\"https:\/\/www.seimmserramenti.it\/wp-content\/uploads\/2020\/03\/portoni-blindati-seimm.jpg\" data-srcset=\"https:\/\/www.seimmserramenti.it\/wp-content\/uploads\/2020\/03\/portoni-blindati-seimm.jpg 600w\" loading=\"eager\" sizes=\"(max-width: 600px) 100vw, 600px\" width=\"600\" height=\"380\"  data-dt-location=\"https:\/\/www.seimmserramenti.it\/fr\/prodotti-serramenti-seimm\/portoni-blindati-seimm\/\" style=\"--ratio: 600 \/ 380;\" alt=\"Portoni blindati Seimm\" \/><\/div><\/div><\/div>[vc_column_text css=\u00a0\u00bb.vc_custom_1694098320074{padding-bottom: 20px !important;}\u00a0\u00bb]<\/p>\n<h3>Portes blind\u00e9es<\/h3>\n<p>Portes de s\u00e9curit\u00e9 blind\u00e9es sans n\u00e9gliger la qualit\u00e9 et le design, la possibilit\u00e9 de personnaliser les rev\u00eatements avec des mod\u00e8les allant du classique au modernes.[\/vc_column_text]<style type=\"text\/css\" data-type=\"the7_shortcodes-inline-css\">#default-btn-1811b42b78308a7dcd9f6581b5279cde.ico-right-side > i {\n  margin-right: 0px;\n  margin-left: 8px;\n}\n#default-btn-1811b42b78308a7dcd9f6581b5279cde > i {\n  margin-right: 8px;\n}<\/style><a href=\"https:\/\/www.seimmserramenti.it\/fr\/produits-serramenti-seimm\/portes-blindees\/\" class=\"default-btn-shortcode dt-btn dt-btn-m link-hover-off btn-inline-left \" id=\"default-btn-1811b42b78308a7dcd9f6581b5279cde\" title=\"Portes blind\u00e8es\"><span>d\u00e9tails&#8230;<\/span><\/a>[\/vc_column][\/vc_row][vc_row][vc_column][vc_empty_space height=\u00a0\u00bb50px\u00a0\u00bb][\/vc_column][\/vc_row][vc_row][vc_column width=\u00a0\u00bb1\/2&Prime;]<style type=\"text\/css\" data-type=\"the7_shortcodes-inline-css\">.shortcode-single-image-wrap.shortcode-single-image-f1aed44e72db5560fe3cb79689fccd13.enable-bg-rollover .rollover i,\n.shortcode-single-image-wrap.shortcode-single-image-f1aed44e72db5560fe3cb79689fccd13.enable-bg-rollover .rollover-video i {\n  background: -webkit-linear-gradient();\n  background: linear-gradient();\n}\n.shortcode-single-image-wrap.shortcode-single-image-f1aed44e72db5560fe3cb79689fccd13 .rollover-icon {\n  font-size: 32px;\n  color: #ffffff;\n  min-width: 44px;\n  min-height: 44px;\n  line-height: 44px;\n  border-radius: 100px;\n  border-style: solid;\n  border-width: 0px;\n}\n.dt-icon-bg-on.shortcode-single-image-wrap.shortcode-single-image-f1aed44e72db5560fe3cb79689fccd13 .rollover-icon {\n  background: rgba(255,255,255,0.3);\n  box-shadow: none;\n}<\/style><div class=\"shortcode-single-image-wrap shortcode-single-image-f1aed44e72db5560fe3cb79689fccd13 alignnone  enable-bg-rollover dt-icon-bg-off\" style=\"margin-top:0px; margin-bottom:0px; margin-left:0px; margin-right:0px; width:600px;\"><div class=\"shortcode-single-image\"><div class=\"fancy-media-wrap  layzr-bg\" style=\"\"><img decoding=\"async\" class=\"preload-me lazy-load aspect\" src=\"data:image\/svg+xml,%3Csvg%20xmlns%3D&#39;http%3A%2F%2Fwww.w3.org%2F2000%2Fsvg&#39;%20viewBox%3D&#39;0%200%20600%20380&#39;%2F%3E\" data-src=\"https:\/\/www.seimmserramenti.it\/wp-content\/uploads\/2020\/03\/portoni-sezionali-simil-legno-motorizzati-belotti-600x380.jpg\" data-srcset=\"https:\/\/www.seimmserramenti.it\/wp-content\/uploads\/2020\/03\/portoni-sezionali-simil-legno-motorizzati-belotti-600x380.jpg 600w, https:\/\/www.seimmserramenti.it\/wp-content\/uploads\/2020\/03\/portoni-sezionali-simil-legno-motorizzati-belotti-1075x680.jpg 1075w\" loading=\"eager\" sizes=\"(max-width: 600px) 100vw, 600px\" width=\"600\" height=\"380\"  data-dt-location=\"https:\/\/www.seimmserramenti.it\/fr\/prodotti-serramenti-seimm\/portoni-sezionali-simil-legno-motorizzati-belotti\/\" style=\"--ratio: 600 \/ 380;\" alt=\"Portoni sezionali motorizzati\" \/><\/div><\/div><\/div>[vc_column_text css=\u00a0\u00bb.vc_custom_1694098347406{padding-bottom: 20px !important;}\u00a0\u00bb]<\/p>\n<h3>Portes sectionnelles<\/h3>\n<p>Portes sectionnelles manuelles ou motoris\u00e9es avec sections de lattes isol\u00e9es de 40mm, large gamme de couleurs et de personnalisations[\/vc_column_text]<style type=\"text\/css\" data-type=\"the7_shortcodes-inline-css\">#default-btn-e661291014a052c150669b30594fe6a7.ico-right-side > i {\n  margin-right: 0px;\n  margin-left: 8px;\n}\n#default-btn-e661291014a052c150669b30594fe6a7 > i {\n  margin-right: 8px;\n}<\/style><a href=\"https:\/\/www.seimmserramenti.it\/fr\/produits-serramenti-seimm\/complements\/portes-sectionnelles\/\" class=\"default-btn-shortcode dt-btn dt-btn-m link-hover-off btn-inline-left \" id=\"default-btn-e661291014a052c150669b30594fe6a7\" title=\"Portes sectionnelles\"><span>d\u00e9tails&#8230;<\/span><\/a>[\/vc_column][vc_column width=\u00a0\u00bb1\/2&Prime;]<style type=\"text\/css\" data-type=\"the7_shortcodes-inline-css\">.shortcode-single-image-wrap.shortcode-single-image-8b2cce1436c31883bcf6cedd5fbd98a5.enable-bg-rollover .rollover i,\n.shortcode-single-image-wrap.shortcode-single-image-8b2cce1436c31883bcf6cedd5fbd98a5.enable-bg-rollover .rollover-video i {\n  background: -webkit-linear-gradient();\n  background: linear-gradient();\n}\n.shortcode-single-image-wrap.shortcode-single-image-8b2cce1436c31883bcf6cedd5fbd98a5 .rollover-icon {\n  font-size: 32px;\n  color: #ffffff;\n  min-width: 44px;\n  min-height: 44px;\n  line-height: 44px;\n  border-radius: 100px;\n  border-style: solid;\n  border-width: 0px;\n}\n.dt-icon-bg-on.shortcode-single-image-wrap.shortcode-single-image-8b2cce1436c31883bcf6cedd5fbd98a5 .rollover-icon {\n  background: rgba(255,255,255,0.3);\n  box-shadow: none;\n}<\/style><div class=\"shortcode-single-image-wrap shortcode-single-image-8b2cce1436c31883bcf6cedd5fbd98a5 alignnone  enable-bg-rollover dt-icon-bg-off\" style=\"margin-top:0px; margin-bottom:0px; margin-left:0px; margin-right:0px; width:600px;\"><div class=\"shortcode-single-image\"><div class=\"fancy-media-wrap  layzr-bg\" style=\"\"><img decoding=\"async\" class=\"preload-me lazy-load aspect\" src=\"data:image\/svg+xml,%3Csvg%20xmlns%3D&#39;http%3A%2F%2Fwww.w3.org%2F2000%2Fsvg&#39;%20viewBox%3D&#39;0%200%20600%20380&#39;%2F%3E\" data-src=\"https:\/\/www.seimmserramenti.it\/wp-content\/uploads\/2020\/03\/frangisole-persiane-600x380.jpg\" data-srcset=\"https:\/\/www.seimmserramenti.it\/wp-content\/uploads\/2020\/03\/frangisole-persiane-600x380.jpg 600w, https:\/\/www.seimmserramenti.it\/wp-content\/uploads\/2020\/03\/frangisole-persiane-1200x760.jpg 1200w\" loading=\"eager\" sizes=\"(max-width: 600px) 100vw, 600px\" width=\"600\" height=\"380\"  data-dt-location=\"https:\/\/www.seimmserramenti.it\/fr\/prodotti-serramenti-seimm\/frangisole-persiane\/\" style=\"--ratio: 600 \/ 380;\" alt=\"Frangisole persiane Seimm serramenti\" \/><\/div><\/div><\/div>[vc_column_text css=\u00a0\u00bb.vc_custom_1694098354908{padding-bottom: 20px !important;}\u00a0\u00bb]<\/p>\n<h3>Tauds de soleil, volets roulants, moustiquaires<\/h3>\n<p>Volets roulants ou persiennes en bois et aluminium, volets roulants en PVC, aluminium et acier, brise-soleil motoris\u00e9es, moustiquaires ext\u00e9rieures ou encastr\u00e9es, grilles de s\u00e9curit\u00e9[\/vc_column_text]<style type=\"text\/css\" data-type=\"the7_shortcodes-inline-css\">#default-btn-6bad0ba9555ef1bd82f3803235a5360d.ico-right-side > i {\n  margin-right: 0px;\n  margin-left: 8px;\n}\n#default-btn-6bad0ba9555ef1bd82f3803235a5360d > i {\n  margin-right: 8px;\n}<\/style><a href=\"https:\/\/www.seimmserramenti.it\/fr\/produits-serramenti-seimm\/complements\/brise-soleil-volets-roulants-moustiquaires\/\" class=\"default-btn-shortcode dt-btn dt-btn-m link-hover-off btn-inline-left \" id=\"default-btn-6bad0ba9555ef1bd82f3803235a5360d\" title=\"Brise-soleil-volets roulants-moustiquaires\"><span>d\u00e9tails&#8230;<\/span><\/a>[\/vc_column][\/vc_row][vc_row][vc_column][vc_empty_space height=\u00a0\u00bb50px\u00a0\u00bb][\/vc_column][\/vc_row]<\/p>\n<\/div>","protected":false},"excerpt":{"rendered":"<p>[vc_row][vc_column][vc_empty_space height=\u00a0\u00bb50px\u00a0\u00bb][\/vc_column][\/vc_row][vc_row][vc_column width=\u00a0\u00bb1\/2&Prime;][vc_column_text css=\u00a0\u00bb.vc_custom_1694098054636{padding-bottom: 20px !important;}\u00a0\u00bb] Les fen\u00eatres Portes et fen\u00eatres ext\u00e9rieures en bois, bois-aluminium, pvc et aluminium de diff\u00e9rentes \u00e9paisseurs et model\u00e9s, large gamme de finitions et de couleurs. Portes coulissantes, portes, fen\u00eatr\u00e9s, portes d&rsquo;entr\u00e9e, baies vitr\u00e9es, design.[\/vc_column_text][\/vc_column][vc_column width=\u00a0\u00bb1\/2&Prime;][vc_column_text css=\u00a0\u00bb.vc_custom_1694098224296{padding-bottom: 20px !important;}\u00a0\u00bb] Portes int\u00e9rieures Portes int\u00e9rieures battantes ou coulissantes, en bois, stratifi\u00e9, aluminium et&hellip;<\/p>\n","protected":false},"author":1,"featured_media":0,"parent":0,"menu_order":2,"comment_status":"closed","ping_status":"closed","template":"","meta":{"footnotes":""},"class_list":["post-2239","page","type-page","status-publish","hentry","description-off"],"yoast_head":"<!-- This site is optimized with the Yoast SEO plugin v27.4 - https:\/\/yoast.com\/product\/yoast-seo-wordpress\/ -->\n<title>Produits de Seimm Serramenti<\/title>\n<meta name=\"description\" content=\"Prodotti Seimm serramenti porte interne porte blindate portoni sezionali frangisole persiane avvolgibili zanzariere mobili d&#039;arredamento\" \/>\n<meta name=\"robots\" content=\"index, follow, max-snippet:-1, max-image-preview:large, max-video-preview:-1\" \/>\n<link rel=\"canonical\" href=\"https:\/\/www.seimmserramenti.it\/fr\/produits-serramenti-seimm\/\" \/>\n<meta property=\"og:locale\" content=\"fr_FR\" \/>\n<meta property=\"og:type\" content=\"article\" \/>\n<meta property=\"og:title\" content=\"Produits de Seimm Serramenti\" \/>\n<meta property=\"og:description\" content=\"Prodotti Seimm serramenti porte interne porte blindate portoni sezionali frangisole persiane avvolgibili zanzariere mobili d&#039;arredamento\" \/>\n<meta property=\"og:url\" content=\"https:\/\/www.seimmserramenti.it\/fr\/produits-serramenti-seimm\/\" \/>\n<meta property=\"og:site_name\" content=\"Seimm Serramenti\" \/>\n<meta property=\"article:modified_time\" content=\"2023-09-07T14:52:49+00:00\" \/>\n<meta name=\"twitter:card\" content=\"summary_large_image\" \/>\n<meta name=\"twitter:label1\" content=\"Dur\u00e9e de lecture estim\u00e9e\" \/>\n\t<meta name=\"twitter:data1\" content=\"2 minutes\" \/>\n<script type=\"application\/ld+json\" class=\"yoast-schema-graph\">{\"@context\":\"https:\\\/\\\/schema.org\",\"@graph\":[{\"@type\":\"WebPage\",\"@id\":\"https:\\\/\\\/www.seimmserramenti.it\\\/fr\\\/produits-serramenti-seimm\\\/\",\"url\":\"https:\\\/\\\/www.seimmserramenti.it\\\/fr\\\/produits-serramenti-seimm\\\/\",\"name\":\"Produits de Seimm Serramenti\",\"isPartOf\":{\"@id\":\"https:\\\/\\\/www.seimmserramenti.it\\\/fr\\\/#website\"},\"datePublished\":\"2020-02-06T21:33:10+00:00\",\"dateModified\":\"2023-09-07T14:52:49+00:00\",\"description\":\"Prodotti Seimm serramenti porte interne porte blindate portoni sezionali frangisole persiane avvolgibili zanzariere mobili d'arredamento\",\"breadcrumb\":{\"@id\":\"https:\\\/\\\/www.seimmserramenti.it\\\/fr\\\/produits-serramenti-seimm\\\/#breadcrumb\"},\"inLanguage\":\"fr-FR\",\"potentialAction\":[{\"@type\":\"ReadAction\",\"target\":[\"https:\\\/\\\/www.seimmserramenti.it\\\/fr\\\/produits-serramenti-seimm\\\/\"]}]},{\"@type\":\"BreadcrumbList\",\"@id\":\"https:\\\/\\\/www.seimmserramenti.it\\\/fr\\\/produits-serramenti-seimm\\\/#breadcrumb\",\"itemListElement\":[{\"@type\":\"ListItem\",\"position\":1,\"name\":\"Home\",\"item\":\"https:\\\/\\\/www.seimmserramenti.it\\\/fr\\\/\"},{\"@type\":\"ListItem\",\"position\":2,\"name\":\"Produits de Seimm Serramenti\"}]},{\"@type\":\"WebSite\",\"@id\":\"https:\\\/\\\/www.seimmserramenti.it\\\/fr\\\/#website\",\"url\":\"https:\\\/\\\/www.seimmserramenti.it\\\/fr\\\/\",\"name\":\"Seimm Serramenti\",\"description\":\"La sicurezza fatta a deisgn\",\"potentialAction\":[{\"@type\":\"SearchAction\",\"target\":{\"@type\":\"EntryPoint\",\"urlTemplate\":\"https:\\\/\\\/www.seimmserramenti.it\\\/fr\\\/?s={search_term_string}\"},\"query-input\":{\"@type\":\"PropertyValueSpecification\",\"valueRequired\":true,\"valueName\":\"search_term_string\"}}],\"inLanguage\":\"fr-FR\"}]}<\/script>\n<!-- \/ Yoast SEO plugin. -->","yoast_head_json":{"title":"Produits de Seimm Serramenti","description":"Prodotti Seimm serramenti porte interne porte blindate portoni sezionali frangisole persiane avvolgibili zanzariere mobili d'arredamento","robots":{"index":"index","follow":"follow","max-snippet":"max-snippet:-1","max-image-preview":"max-image-preview:large","max-video-preview":"max-video-preview:-1"},"canonical":"https:\/\/www.seimmserramenti.it\/fr\/produits-serramenti-seimm\/","og_locale":"fr_FR","og_type":"article","og_title":"Produits de Seimm Serramenti","og_description":"Prodotti Seimm serramenti porte interne porte blindate portoni sezionali frangisole persiane avvolgibili zanzariere mobili d'arredamento","og_url":"https:\/\/www.seimmserramenti.it\/fr\/produits-serramenti-seimm\/","og_site_name":"Seimm Serramenti","article_modified_time":"2023-09-07T14:52:49+00:00","twitter_card":"summary_large_image","twitter_misc":{"Dur\u00e9e de lecture estim\u00e9e":"2 minutes"},"schema":{"@context":"https:\/\/schema.org","@graph":[{"@type":"WebPage","@id":"https:\/\/www.seimmserramenti.it\/fr\/produits-serramenti-seimm\/","url":"https:\/\/www.seimmserramenti.it\/fr\/produits-serramenti-seimm\/","name":"Produits de Seimm Serramenti","isPartOf":{"@id":"https:\/\/www.seimmserramenti.it\/fr\/#website"},"datePublished":"2020-02-06T21:33:10+00:00","dateModified":"2023-09-07T14:52:49+00:00","description":"Prodotti Seimm serramenti porte interne porte blindate portoni sezionali frangisole persiane avvolgibili zanzariere mobili d'arredamento","breadcrumb":{"@id":"https:\/\/www.seimmserramenti.it\/fr\/produits-serramenti-seimm\/#breadcrumb"},"inLanguage":"fr-FR","potentialAction":[{"@type":"ReadAction","target":["https:\/\/www.seimmserramenti.it\/fr\/produits-serramenti-seimm\/"]}]},{"@type":"BreadcrumbList","@id":"https:\/\/www.seimmserramenti.it\/fr\/produits-serramenti-seimm\/#breadcrumb","itemListElement":[{"@type":"ListItem","position":1,"name":"Home","item":"https:\/\/www.seimmserramenti.it\/fr\/"},{"@type":"ListItem","position":2,"name":"Produits de Seimm Serramenti"}]},{"@type":"WebSite","@id":"https:\/\/www.seimmserramenti.it\/fr\/#website","url":"https:\/\/www.seimmserramenti.it\/fr\/","name":"Seimm Serramenti","description":"La sicurezza fatta a deisgn","potentialAction":[{"@type":"SearchAction","target":{"@type":"EntryPoint","urlTemplate":"https:\/\/www.seimmserramenti.it\/fr\/?s={search_term_string}"},"query-input":{"@type":"PropertyValueSpecification","valueRequired":true,"valueName":"search_term_string"}}],"inLanguage":"fr-FR"}]}},"_links":{"self":[{"href":"https:\/\/www.seimmserramenti.it\/fr\/wp-json\/wp\/v2\/pages\/2239","targetHints":{"allow":["GET"]}}],"collection":[{"href":"https:\/\/www.seimmserramenti.it\/fr\/wp-json\/wp\/v2\/pages"}],"about":[{"href":"https:\/\/www.seimmserramenti.it\/fr\/wp-json\/wp\/v2\/types\/page"}],"author":[{"embeddable":true,"href":"https:\/\/www.seimmserramenti.it\/fr\/wp-json\/wp\/v2\/users\/1"}],"replies":[{"embeddable":true,"href":"https:\/\/www.seimmserramenti.it\/fr\/wp-json\/wp\/v2\/comments?post=2239"}],"version-history":[{"count":4,"href":"https:\/\/www.seimmserramenti.it\/fr\/wp-json\/wp\/v2\/pages\/2239\/revisions"}],"predecessor-version":[{"id":2421,"href":"https:\/\/www.seimmserramenti.it\/fr\/wp-json\/wp\/v2\/pages\/2239\/revisions\/2421"}],"wp:attachment":[{"href":"https:\/\/www.seimmserramenti.it\/fr\/wp-json\/wp\/v2\/media?parent=2239"}],"curies":[{"name":"wp","href":"https:\/\/api.w.org\/{rel}","templated":true}]}}